{"id":1265,"date":"2023-10-23T01:19:25","date_gmt":"2023-10-23T04:19:25","guid":{"rendered":"https:\/\/mariannaperez.com.ar\/ayurvedayogacursos\/?post_type=product&#038;p=1265"},"modified":"2025-11-08T15:10:34","modified_gmt":"2025-11-08T18:10:34","slug":"curso-semipresencial","status":"publish","type":"product","link":"https:\/\/mariannaperez.com.ar\/ayurvedayogacursos\/index.php\/producto\/curso-semipresencial\/","title":{"rendered":"Curso Semipresencial"},"content":{"rendered":"<h4 style=\"color: #68487d;\">PROMO DE LANZAMIENTO 30% DE DESCUENTO VALIDA\u00a0HASTA el 15 de Diciembre<\/h4>\n<h1 style=\"color: #68487d;\">Formaci\u00f3n Profesional<\/h1>\n<p><strong>Sumate a esta Formaci\u00f3n Semipresencial y conoce todo acerca del Masaje Abhyanga<\/strong><\/p>\n<h2 style=\"color: #68487d;\"><strong>\u00bfQu\u00e9 aprender\u00e1s en esta formaci\u00f3n?<\/strong><\/h2>\n<ul style=\"color: #7a7a7a;\">\n<li>Introducci\u00f3n al Masaje Abhyanga, indicaciones y precauciones<\/li>\n<li>T\u00e9cnica del Masaje Abhyanga<\/li>\n<li>Teor\u00edas del Ayurveda:\u00a0<i>Prakriti<\/i><i>, <\/i><i>Tridosha<\/i><i>, Gunas<\/i><\/li>\n<li>Desequilibrios y armonizaci\u00f3n<\/li>\n<li>Origen de la enfermedad: Concepto de Ama (toxina) y planes depurativos<\/li>\n<li>Rutinas y planes diarios y estacionales<\/li>\n<li>Preparaci\u00f3n de aceites medicados<\/li>\n<\/ul>\n<p style=\"color: #7a7a7a;\">Curso de 4 meses de duraci\u00f3n<\/p>\n<p style=\"color: #7a7a7a;\">2 clases pr\u00e1cticas al mes y acceso a la plataforma online para acceder a los v\u00eddeos de teor\u00eda y practica de Masaje abhyanga<\/p>\n<p><strong>Pr\u00f3xima Formaci\u00f3n Febrero 2024<\/strong><\/p>\n<p><strong>Pronto m\u00e1s informaci\u00f3n.<\/strong><\/p>\n","protected":false},"excerpt":{"rendered":"<p>S\u00famate a esta Formaci\u00f3n Semipresencial y conoce todo acerca del Masaje Abhyanga<\/p>\n","protected":false},"featured_media":1172,"template":"","meta":{"elearning_container_layout":"tg-site-layout--default","elearning_sidebar_layout":"tg-site-layout--default","elearning_remove_content_margin":false,"elearning_sidebar":"default","elearning_transparent_header":"customizer","elearning_logo":0,"elearning_header_style":"default","elearning_menu_item_color":"","elearning_menu_item_hover_color":"","elearning_menu_item_active_color":"","elearning_menu_item_active_style":"","elearning_page_header":true},"product_brand":[],"product_cat":[51],"product_tag":[],"class_list":{"0":"post-1265","1":"product","2":"type-product","3":"status-publish","4":"has-post-thumbnail","6":"product_cat-cursos","8":"first","9":"instock","10":"featured","11":"virtual","12":"purchasable","13":"product-type-simple"},"_links":{"self":[{"href":"https:\/\/mariannaperez.com.ar\/ayurvedayogacursos\/index.php\/wp-json\/wp\/v2\/product\/1265","targetHints":{"allow":["GET"]}}],"collection":[{"href":"https:\/\/mariannaperez.com.ar\/ayurvedayogacursos\/index.php\/wp-json\/wp\/v2\/product"}],"about":[{"href":"https:\/\/mariannaperez.com.ar\/ayurvedayogacursos\/index.php\/wp-json\/wp\/v2\/types\/product"}],"wp:featuredmedia":[{"embeddable":true,"href":"https:\/\/mariannaperez.com.ar\/ayurvedayogacursos\/index.php\/wp-json\/wp\/v2\/media\/1172"}],"wp:attachment":[{"href":"https:\/\/mariannaperez.com.ar\/ayurvedayogacursos\/index.php\/wp-json\/wp\/v2\/media?parent=1265"}],"wp:term":[{"taxonomy":"product_brand","embeddable":true,"href":"https:\/\/mariannaperez.com.ar\/ayurvedayogacursos\/index.php\/wp-json\/wp\/v2\/product_brand?post=1265"},{"taxonomy":"product_cat","embeddable":true,"href":"https:\/\/mariannaperez.com.ar\/ayurvedayogacursos\/index.php\/wp-json\/wp\/v2\/product_cat?post=1265"},{"taxonomy":"product_tag","embeddable":true,"href":"https:\/\/mariannaperez.com.ar\/ayurvedayogacursos\/index.php\/wp-json\/wp\/v2\/product_tag?post=1265"}],"curies":[{"name":"wp","href":"https:\/\/api.w.org\/{rel}","templated":true}]}}