{"id":1361,"date":"2023-10-24T23:39:43","date_gmt":"2023-10-25T02:39:43","guid":{"rendered":"https:\/\/mariannaperez.com.ar\/ayurvedayogacursos\/?post_type=product&#038;p=1361"},"modified":"2026-01-17T14:24:52","modified_gmt":"2026-01-17T17:24:52","slug":"curso-online","status":"publish","type":"product","link":"https:\/\/mariannaperez.com.ar\/ayurvedayogacursos\/index.php\/producto\/curso-online\/","title":{"rendered":"Curso Online"},"content":{"rendered":"<h1 style=\"color: #68487d;\">Formaci\u00f3n Profesional<\/h1>\n<p><strong>Sumate a esta Formaci\u00f3n Online y conoce todo acerca del Masaje Abhyanga<\/strong><\/p>\n<h2 style=\"color: #68487d;\"><strong>\u00bfQu\u00e9 aprender\u00e1s en esta formaci\u00f3n?<\/strong><\/h2>\n<ul style=\"color: #7a7a7a;\">\n<li>Introducci\u00f3n al Masaje Abhyanga, indicaciones y precauciones<\/li>\n<li>T\u00e9cnica del Masaje Abhyanga<\/li>\n<li>Teor\u00edas del Ayurveda:\u00a0<i>Prakriti<\/i><i>, <\/i><i>Tridosha<\/i><i>, Gunas<\/i><\/li>\n<li>Desequilibrios y armonizaci\u00f3n<\/li>\n<li>Origen de la enfermedad: Concepto de Ama (toxina) y planes depurativos<\/li>\n<li>Rutinas y planes diarios y estacionales<\/li>\n<li>Preparaci\u00f3n de aceites medicados<\/li>\n<\/ul>\n","protected":false},"excerpt":{"rendered":"<p>S\u00famate a esta Formaci\u00f3n Online y conoce todo acerca del Masaje Abhyanga<\/p>\n","protected":false},"featured_media":1170,"template":"","meta":{"elearning_container_layout":"tg-site-layout--default","elearning_sidebar_layout":"tg-site-layout--default","elearning_remove_content_margin":false,"elearning_sidebar":"default","elearning_transparent_header":"customizer","elearning_logo":0,"elearning_header_style":"default","elearning_menu_item_color":"","elearning_menu_item_hover_color":"","elearning_menu_item_active_color":"","elearning_menu_item_active_style":"","elearning_page_header":true},"product_brand":[],"product_cat":[51],"product_tag":[],"class_list":{"0":"post-1361","1":"product","2":"type-product","3":"status-publish","4":"has-post-thumbnail","6":"product_cat-cursos","8":"first","9":"instock","10":"featured","11":"downloadable","12":"virtual","13":"sold-individually","14":"purchasable","15":"product-type-mto_course"},"_links":{"self":[{"href":"https:\/\/mariannaperez.com.ar\/ayurvedayogacursos\/index.php\/wp-json\/wp\/v2\/product\/1361","targetHints":{"allow":["GET"]}}],"collection":[{"href":"https:\/\/mariannaperez.com.ar\/ayurvedayogacursos\/index.php\/wp-json\/wp\/v2\/product"}],"about":[{"href":"https:\/\/mariannaperez.com.ar\/ayurvedayogacursos\/index.php\/wp-json\/wp\/v2\/types\/product"}],"wp:featuredmedia":[{"embeddable":true,"href":"https:\/\/mariannaperez.com.ar\/ayurvedayogacursos\/index.php\/wp-json\/wp\/v2\/media\/1170"}],"wp:attachment":[{"href":"https:\/\/mariannaperez.com.ar\/ayurvedayogacursos\/index.php\/wp-json\/wp\/v2\/media?parent=1361"}],"wp:term":[{"taxonomy":"product_brand","embeddable":true,"href":"https:\/\/mariannaperez.com.ar\/ayurvedayogacursos\/index.php\/wp-json\/wp\/v2\/product_brand?post=1361"},{"taxonomy":"product_cat","embeddable":true,"href":"https:\/\/mariannaperez.com.ar\/ayurvedayogacursos\/index.php\/wp-json\/wp\/v2\/product_cat?post=1361"},{"taxonomy":"product_tag","embeddable":true,"href":"https:\/\/mariannaperez.com.ar\/ayurvedayogacursos\/index.php\/wp-json\/wp\/v2\/product_tag?post=1361"}],"curies":[{"name":"wp","href":"https:\/\/api.w.org\/{rel}","templated":true}]}}